{"id":1358,"date":"2018-04-11T17:52:55","date_gmt":"2018-04-11T20:52:55","guid":{"rendered":"https:\/\/elosistemico.com.br\/ww2\/?page_id=1358"},"modified":"2024-03-04T21:35:48","modified_gmt":"2024-03-05T00:35:48","slug":"constelacoes-familiares-sistemicas-as-novas-constelacoes","status":"publish","type":"page","link":"https:\/\/elosistemico.com.br\/ww2\/constelacoes-familiares-sistemicas-as-novas-constelacoes\/","title":{"rendered":"Constela\u00e7\u00f5es Familiares Sist\u00eamicas &#8211; As Novas Constela\u00e7\u00f5es"},"content":{"rendered":"<div id='full_slider_1'  class='avia-fullwidth-slider main_color avia-shadow   avia-builder-el-0  el_before_av_submenu  avia-builder-el-first   container_wrap fullsize' style=' '  ><div   data-size='featured'  data-lightbox_size='large'  data-animation='slide'  data-conditional_play=''  data-ids='1305'  data-video_counter='0'  data-autoplay='false'  data-bg_slider='false'  data-slide_height=''  data-handle='av_slideshow_full'  data-interval='5'  data-class=' '  data-el_id=''  data-css_id=''  data-scroll_down=''  data-control_layout='av-control-default'  data-custom_markup=''  data-perma_caption=''  data-autoplay_stopper=''  data-image_attachment=''  data-min_height='0px'  data-src=''  data-position='top left'  data-repeat='no-repeat'  data-attach='scroll'  data-stretch=''  data-default-height='28.666666666667'  class='avia-slideshow avia-slideshow-1  av-control-default av-default-height-applied avia-slideshow-featured av_slideshow_full   avia-slide-slider ' ><ul class='avia-slideshow-inner ' style='padding-bottom: 20%;' ><li  class=' av-single-slide slide-1 ' ><div data-rel='slideshow-1' class='avia-slide-wrap '   ><img src='https:\/\/elosistemico.com.br\/ww2\/wp-content\/uploads\/2018\/04\/banners_1600x300v2_09-1500x300.jpg' width='1500' height='300' title='banners_1600x300v2_09' alt=''   \/><\/div><\/li><\/ul><\/div><\/div>\n<div class='clear'><\/div><div id='sub_menu1'  class='av-submenu-container socket_color  avia-builder-el-1  el_after_av_slideshow_full  el_before_av_one_full  av-sticky-submenu  submenu-not-first container_wrap fullsize' style='  z-index:301' ><div class='container av-menu-mobile-disabled '><ul id=\"menu-menu-secundario\" class=\"av-subnav-menu av-submenu-pos-center\"><li id=\"menu-item-1366\" class=\"menu-item menu-item-type-post_type menu-item-object-page menu-item-top-level menu-item-top-level-1\"><a href=\"https:\/\/elosistemico.com.br\/ww2\/constelacoes-familiares-sistemicas-as-novas-constelacoes\/\"><span class=\"avia-bullet\"><\/span><span class=\"avia-menu-text\">Constela\u00e7\u00f5es Familiares Sist\u00eamicas e as Novas Constela\u00e7\u00f5es<\/span><span class=\"avia-menu-fx\"><span class=\"avia-arrow-wrap\"><span class=\"avia-arrow\"><\/span><\/span><\/span><\/a><\/li>\n<li id=\"menu-item-1474\" class=\"menu-item menu-item-type-post_type menu-item-object-page menu-item-top-level menu-item-top-level-2\"><a href=\"https:\/\/elosistemico.com.br\/ww2\/cursos-e-workshops\/\"><span class=\"avia-bullet\"><\/span><span class=\"avia-menu-text\">Cursos e Workshops<\/span><span class=\"avia-menu-fx\"><span class=\"avia-arrow-wrap\"><span class=\"avia-arrow\"><\/span><\/span><\/span><\/a><\/li>\n<li id=\"menu-item-1526\" class=\"menu-item menu-item-type-post_type menu-item-object-page menu-item-top-level menu-item-top-level-3\"><a href=\"https:\/\/elosistemico.com.br\/ww2\/depoimentos\/\"><span class=\"avia-bullet\"><\/span><span class=\"avia-menu-text\">Depoimentos<\/span><span class=\"avia-menu-fx\"><span class=\"avia-arrow-wrap\"><span class=\"avia-arrow\"><\/span><\/span><\/span><\/a><\/li>\n<li id=\"menu-item-1277\" class=\"menu-item menu-item-type-post_type menu-item-object-page menu-item-top-level menu-item-top-level-4\"><a href=\"https:\/\/elosistemico.com.br\/ww2\/facilitadora\/\"><span class=\"avia-bullet\"><\/span><span class=\"avia-menu-text\">Elisete Zanlorenzi<\/span><span class=\"avia-menu-fx\"><span class=\"avia-arrow-wrap\"><span class=\"avia-arrow\"><\/span><\/span><\/span><\/a><\/li>\n<li id=\"menu-item-1279\" class=\"menu-item menu-item-type-post_type menu-item-object-page menu-item-top-level menu-item-top-level-5\"><a href=\"https:\/\/elosistemico.com.br\/ww2\/contato\/\"><span class=\"avia-bullet\"><\/span><span class=\"avia-menu-text\">Contato<\/span><span class=\"avia-menu-fx\"><span class=\"avia-arrow-wrap\"><span class=\"avia-arrow\"><\/span><\/span><\/span><\/a><\/li>\n<\/ul><\/div><\/div><div class='sticky_placeholder'><\/div><div id='after_submenu'  class='main_color av_default_container_wrap container_wrap fullsize' style=' '  ><div class='container' ><div class='template-page content  av-content-full alpha units'><div class='post-entry post-entry-type-page post-entry-1358'><div class='entry-content-wrapper clearfix'>\n<div class=\"flex_column av_one_full  av-animated-generic left-to-right  flex_column_div av-zero-column-padding first  avia-builder-el-2  el_after_av_submenu  el_before_av_three_fifth  avia-builder-el-first  \" style='border-radius:0px; '><p><div  style='padding-bottom:0px; ' class='av-special-heading av-special-heading-h5  blockquote modern-quote  avia-builder-el-3  el_before_av_heading  avia-builder-el-first  '><h5 class='av-special-heading-tag '  >Constela\u00e7\u00f5es Sist\u00eamicas <\/h5><div class='special-heading-border'><div class='special-heading-inner-border' ><\/div><\/div><\/div><br \/>\n<div  style='padding-bottom:0px; ' class='av-special-heading av-special-heading-h3    avia-builder-el-4  el_after_av_heading  avia-builder-el-last  '><h3 class='av-special-heading-tag '  >De Constela\u00e7\u00f5es Familiares a Constela\u00e7\u00f5es Sist\u00eamicas <\/h3><div class='special-heading-border'><div class='special-heading-inner-border' ><\/div><\/div><\/div><\/p><\/div>\n<div class='flex_column_table av-equal-height-column-flextable -flextable' ><div class=\"flex_column av_three_fifth  av-animated-generic bottom-to-top  flex_column_table_cell av-equal-height-column av-align-top av-zero-column-padding first  avia-builder-el-5  el_after_av_one_full  el_before_av_two_fifth  column-top-margin\" style='border-radius:0px; '><section class=\"av_textblock_section \" ><div class='avia_textblock  '  ><p>Nos anos 80, as constela\u00e7\u00f5es focavam <em>quest\u00f5es pessoais e familiares<\/em> e foram denominadas por \u201cterapia breve\u201d por trazerem solu\u00e7\u00f5es em curto espa\u00e7o de tempo<\/p>\n<p>Nos anos 90, foram introduzidas em <em>empresas e outras organiza\u00e7\u00f5es<\/em>, substituindo, com\u00a0 muita\u00a0 efic\u00e1cia, m\u00e9todos e procedimentos tradicionalmente utilizados em consultoria sist\u00eamica.<\/p>\n<p>Nos anos 2000, entraram em <em>escolas<\/em>, por meio de novas metodologias de ensino e relacionamento entre professores, alunos, pais\u00a0 e dire\u00e7\u00e3o, sendo denominadas por \u00a0<em>pedagogia\u00a0 sist\u00eamica ou educa\u00e7\u00e3o sist\u00eamica.<\/em><\/p>\n<p>Em seguida, alcan\u00e7aram o campo do Direito\u00a0 e hoje\u00a0 s\u00e3o importantes instrumentos de aux\u00edlio\u00a0 no encaminhamento de\u00a0 solu\u00e7\u00f5es processuais em v\u00e1rios f\u00f3runs brasileiros.<\/p>\n<p>As constela\u00e7\u00f5es\u00a0 s\u00e3o utilizadas tamb\u00e9m em <em>atendimentos individuais<\/em>, como principal caminho terap\u00eautico ou como auxiliares em distintas abordagens dos profissionais da ajuda psicol\u00f3gica e corporal<\/p>\n<p>Como se explica esse\u00a0 crescente\u00a0 movimento de expans\u00e3o?<\/p>\n<p>Na efic\u00e1cia de seus m\u00e9todos, ao\u00a0 proporcionar\u00a0 resultados bem r\u00e1pidos e simples a quest\u00f5es complexas e, \u00e0s vezes, aparentemente insol\u00faveis.<\/p>\n<p>A\u00a0 f\u00f3rmula desse sucesso \u00e9\u00a0 olhar o mundo do <em>ponto de vista sist\u00eamico, ampliando a consci\u00eancia,<\/em> e perceber que a vida, de ponta a ponta, se faz por meio de v\u00ednculos e trocas,\u00a0 nas quais cada uma das partes desempenha um papel fundamental na composi\u00e7\u00e3o\u00a0 do todo.<\/p>\n<\/div><\/section><\/div><div class='av-flex-placeholder'><\/div><div class=\"flex_column av_two_fifth  av-animated-generic bottom-to-top  flex_column_table_cell av-equal-height-column av-align-top av-zero-column-padding   avia-builder-el-7  el_after_av_three_fifth  el_before_av_one_full  column-top-margin\" style='border-radius:0px; '><div  class='avia-image-container  av-styling- av-hover-grow   avia-builder-el-8  avia-builder-el-no-sibling  avia-align-center '  ><div class='avia-image-container-inner'><div class='avia-image-overlay-wrap'><img class='avia_image' src='https:\/\/elosistemico.com.br\/ww2\/wp-content\/uploads\/2018\/02\/arvore-de-pedras-mistas-base-de-ametista-decoracao-e1519064766170.png' alt='' title='arvore-de-pedras-mistas-base-de-ametista-decoracao' height=\"1280\" width=\"1008\"  \/><\/div><\/div><\/div><\/div><\/div><!--close column table wrapper. Autoclose: 1 --><\/p>\n<div class=\"flex_column av_one_full  av-animated-generic left-to-right  flex_column_div av-zero-column-padding first  avia-builder-el-9  el_after_av_two_fifth  el_before_av_four_fifth  \" style='border-radius:0px; '><p><div  style='padding-bottom:0px; ' class='av-special-heading av-special-heading-h5  blockquote modern-quote  avia-builder-el-10  el_before_av_heading  avia-builder-el-first  '><h5 class='av-special-heading-tag '  >O que s\u00e3o constela\u00e7\u00f5es sist\u00eamicas<\/h5><div class='special-heading-border'><div class='special-heading-inner-border' ><\/div><\/div><\/div><br \/>\n<div  style='padding-bottom:0px; ' class='av-special-heading av-special-heading-h3    avia-builder-el-11  el_after_av_heading  avia-builder-el-last  '><h3 class='av-special-heading-tag '  >CONSTELA\u00c7\u00d5ES FAMILIARES, ORGANIZACIONAIS  E EDUCA\u00c7\u00c3O SIST\u00caMICA<\/h3><div class='special-heading-border'><div class='special-heading-inner-border' ><\/div><\/div><\/div><\/p><\/div>\n<div class='flex_column_table av-equal-height-column-flextable -flextable' ><div class=\"flex_column av_four_fifth  av-animated-generic bottom-to-top  flex_column_table_cell av-equal-height-column av-align-top av-zero-column-padding first  avia-builder-el-12  el_after_av_one_full  el_before_av_one_fifth  column-top-margin\" style='border-radius:0px; '><section class=\"av_textblock_section \" ><div class='avia_textblock  '  ><p>Criadas nos anos 80 pelo alem\u00e3o Bert Hellinger, as Constela\u00e7\u00f5es constituem um m\u00e9todo terap\u00eautico inovador, baseado no princ\u00edpio de que pertencemos a diferentes sistemas de rela\u00e7\u00f5es, sendo a fam\u00edlia a estrutura b\u00e1sica.<\/p>\n<p>Essa\u00a0 abordagem revela que muitos de nossos sentimentos, limita\u00e7\u00f5es e dificuldades podem ser\u00a0 consequ\u00eancia de fatos\u00a0 ocorridos com outros membros da fam\u00edlia, inclusive em gera\u00e7\u00f5es passadas. Inconscientemente, agimos de forma a\u00a0 tentar solucion\u00e1-los, vivenciando situa\u00e7\u00f5es\u00a0 e sentimentos inadequados, que podem se manifestar em limita\u00e7\u00f5es, doen\u00e7as e, at\u00e9, acontecimentos tr\u00e1gicos.<\/p>\n<p>Tendo como base o <em>pensamento sist\u00eamico<\/em> e o princ\u00edpio da <em>resson\u00e2ncia m\u00f3rfica,<\/em> nessa\u00a0 abordagem olhamos para os v\u00ednculos e as for\u00e7as que atuam no sistema, que, ao emergirem, podem conduzir a\u00a0 transforma\u00e7\u00f5es profundas e\u00a0 definitivas nesses emaranhados, pois agem nos desbloqueios e na reintegra\u00e7\u00e3o dos\u00a0 fluxos de amor entre as pessoas.<\/p>\n<\/div><\/section><\/div><div class='av-flex-placeholder'><\/div><div class=\"flex_column av_one_fifth  av-animated-generic bottom-to-top  flex_column_table_cell av-equal-height-column av-align-top av-zero-column-padding   avia-builder-el-14  el_after_av_four_fifth  el_before_av_one_full  column-top-margin\" style='border-radius:0px; '><p><div  class='avia-image-container avia_animated_image avia_animate_when_almost_visible fade-in av-styling- av-hover-grow   avia-builder-el-15  el_before_av_textblock  avia-builder-el-first  avia-align-center '  ><div class='avia-image-container-inner'><div class='avia-image-overlay-wrap'><img class='avia_image' src='https:\/\/elosistemico.com.br\/ww2\/wp-content\/uploads\/2018\/02\/Bert_Hellinger-208x300.jpg' alt='' title='Bert_Hellinger' height=\"300\" width=\"208\"  \/><\/div><\/div><\/div><br \/>\n<section class=\"av_textblock_section \" ><div class='avia_textblock  '  style='font-size:10px; ' ><p style=\"text-align: center;\"><em>Bert Hellinger\u00a0 | fonte: Wikipedia<\/em><\/p>\n<\/div><\/section><\/p><\/div><\/div><!--close column table wrapper. Autoclose: 1 --><\/p>\n<div class='flex_column_table av-equal-height-column-flextable -flextable' ><div class=\"flex_column av_one_full  av-animated-generic bottom-to-top  flex_column_table_cell av-equal-height-column av-align-top av-zero-column-padding first  avia-builder-el-17  el_after_av_one_fifth  el_before_av_one_fourth  column-top-margin\" style='border-radius:0px; '><section class=\"av_textblock_section \" ><div class='avia_textblock  '  ><p>Al\u00e9m de temas pessoais e familiares, as Constela\u00e7\u00f5es atuam\u00a0 tamb\u00e9m em doen\u00e7as, sintomas, fobias, s\u00edndromes, em tomada de decis\u00e3o, em n\u00edvel\u00a0 profissional, nos neg\u00f3cios, heran\u00e7as,\u00a0 em empresas, e podem\u00a0\u00a0ser\u00a0 realizadas com pessoas de qualquer idade, inclusive crian\u00e7as.<\/p>\n<p>Em diversos pa\u00edses, esse m\u00e9todo tem sido utilizado por grandes corpora\u00e7\u00f5es, auxiliando na resolu\u00e7\u00e3o de\u00a0 conflitos internos, contrata\u00e7\u00e3o de pessoas, fus\u00f5es, lan\u00e7amento de novos produtos, terceiriza\u00e7\u00e3o, etc.<\/p>\n<\/div><\/section><\/div><\/div><!--close column table wrapper. Autoclose: 1 --><div class='flex_column_table av-equal-height-column-flextable -flextable' ><div class=\"flex_column av_one_fourth  av-animated-generic bottom-to-top  no_margin flex_column_table_cell av-equal-height-column av-align-top first  avia-builder-el-19  el_after_av_one_full  el_before_av_three_fourth  column-top-margin\" style='padding:0px 20px 0px 0px ; border-radius:0px; '><p><div  style='height:10px' class='hr hr-invisible   avia-builder-el-20  el_before_av_image  avia-builder-el-first '><span class='hr-inner ' ><span class='hr-inner-style'><\/span><\/span><\/div><br \/>\n<div  class='avia-image-container avia_animated_image avia_animate_when_almost_visible fade-in av-styling-no-styling av-hover-grow   avia-builder-el-21  el_after_av_hr  avia-builder-el-last  avia-align-center '  ><div class='avia-image-container-inner'><div class='avia-image-overlay-wrap'><img class='avia_image' src='https:\/\/elosistemico.com.br\/ww2\/wp-content\/uploads\/2018\/02\/constelacoes003.png' alt='' title='constelacoes003' height=\"495\" width=\"507\"  \/><\/div><\/div><\/div><\/p><\/div><\/p>\n<div class=\"flex_column av_three_fourth  av-animated-generic bottom-to-top  no_margin flex_column_table_cell av-equal-height-column av-align-top av-zero-column-padding   avia-builder-el-22  el_after_av_one_fourth  el_before_av_one_full  column-top-margin\" style='border-radius:0px; '><section class=\"av_textblock_section \" ><div class='avia_textblock  '  ><p>Praticadas no Brasil h\u00e1 poucas d\u00e9cadas, as constela\u00e7\u00f5es familiares e a consultoria sist\u00eamica (organizacional) t\u00eam substitu\u00eddo muitas abordagens tradicionais, por equilibrar\/curar n\u00e3o apenas os sujeitos, mas o sistema e seus v\u00ednculos.<\/p>\n<p>\u00c9 f\u00e1cil vislumbrar a import\u00e2ncia da <em>pedagogia sist\u00eamica<\/em> &#8211; princ\u00edpios das constela\u00e7\u00e3o aplicados em escola &#8211;\u00a0 como forma de harmonizar as rela\u00e7\u00f5es, lidar com o bullying, facilitar a coopera\u00e7\u00e3o, o aprendizado e criar um ambiente de respeito entre todos os envolvidos.<\/p>\n<p>No \u00e2mbito pessoal, as constela\u00e7\u00f5es t\u00eam sido procuradas, cada vez mais, por pessoas que j\u00e1 experimentaram outras abordagens para tratar de problemas emocionais e f\u00edsicos e encontraram a\u00ed solu\u00e7\u00f5es simples, eficazes e r\u00e1pidas para quest\u00f5es bem complexas.<\/p>\n<\/div><\/section><\/div><\/div><!--close column table wrapper. Autoclose: 1 --><div class='flex_column_table av-equal-height-column-flextable -flextable' ><div class=\"flex_column av_one_full  av-animated-generic bottom-to-top  flex_column_table_cell av-equal-height-column av-align-top av-zero-column-padding first  avia-builder-el-24  el_after_av_three_fourth  el_before_av_two_third  column-top-margin\" style='border-radius:0px; '><section class=\"av_textblock_section \" ><div class='avia_textblock  '  ><p>Por ser uma abordagem inovadora, as Constela\u00e7\u00f5es Sist\u00eamicas permanecem ainda pouco conhecidas, inclusive na \u00e1rea terap\u00eautica, na consultoria organizacional, na educa\u00e7\u00e3o e na \u00e1rea jur\u00eddica, quatro grandes campos nos quais seus princ\u00edpios e t\u00e9cnicas t\u00eam muitas contribui\u00e7\u00f5es a oferecer..<\/p>\n<p>A grande diferen\u00e7a desse modelo \u00e9 olhar para o sistema e ter\u00a0 <em>foco na solu\u00e7\u00e3o<\/em> e n\u00e3o no problema, o que causa resist\u00eancia em pessoas habituadas \u00e0 individualiza\u00e7\u00e3o do real, como se, por exemplo, depress\u00e3o, p\u00e2nico, obesidade, solid\u00e3o, conflitos com pais e filhos, dificuldades\u00a0 no aprendizado, etc,\u00a0 fossem de responsabilidade apenas do \u201ceu\u201d e n\u00e3o do contexto mais amplo e de for\u00e7as que atuam para al\u00e9m da al\u00e7ada pessoal: a consci\u00eancia sist\u00eamica.<\/p>\n<\/div><\/section><\/div><\/div><!--close column table wrapper. Autoclose: 1 --><div class='flex_column_table av-equal-height-column-flextable -flextable' ><div class=\"flex_column av_two_third  av-animated-generic bottom-to-top  no_margin flex_column_table_cell av-equal-height-column av-align-middle av-zero-column-padding first  avia-builder-el-26  el_after_av_one_full  el_before_av_one_third  column-top-margin\" style='border-radius:0px; '><section class=\"av_textblock_section \" ><div class='avia_textblock  '  ><p>Agonizante h\u00e1 v\u00e1rias d\u00e9cadas, o velho paradigma cartesiano &#8211; que prioriza a parte em rela\u00e7\u00e3o ao todo, o indiv\u00edduo e n\u00e3o o sistema &#8211; insiste em reproduzir antigos modelos de abordagem sobre pessoas, coisas, ideias e rela\u00e7\u00f5es, como se pudesse permanecer eternamente a\u00ed e\u00a0 o mundo n\u00e3o estivesse em\u00a0 profunda transforma\u00e7\u00e3o. Parafraseando Bert Hellinger, criador das Constela\u00e7\u00f5es Familiares, \u201c<em>quem tem pressa \u00e9 o passado; o futuro anda devagar porque sabe que vai chegar<\/em>\u201d.<\/p>\n<p>Um <em>psic\u00f3logo ou um terapeuta<\/em>, inclusive corporal, encontra na abordagem sist\u00eamica das Constela\u00e7\u00f5es um manancial consistente de novas ferramentas de trabalho, sem que tenha que ser um constelador. Um <em>consultor sist\u00eamico organizacional<\/em> \u2013 rela\u00e7\u00f5es p\u00fablicas, administrador de empresa, publicit\u00e1rio, assistente social, etc \u2013 pode \u00a0recorrer a \u00a0ferramentas infinitamente mais abrangentes e eficazes do que as tradicionais t\u00e9cnicas desenvolvidas\u00a0 para a \u00e1rea empresarial, repassadas em cursos universit\u00e1rios, sem qualquer inova\u00e7\u00e3o estrutural. Nas <em>institui\u00e7\u00f5es de ensino<\/em>, a <em>educa\u00e7\u00e3o sist\u00eamica<\/em> contribui para\u00a0 harmoniza\u00e7\u00e3o das rela\u00e7\u00f5es,\u00a0 a coopera\u00e7\u00e3o,\u00a0 o desaparecimento do\u00a0 bulliyng, o respeito,\u00a0 a qualifica\u00e7\u00e3o da rela\u00e7\u00e3o escola-fam\u00edlia, com reflexos diretos no aprendizado e na forma\u00e7\u00e3o de novos cidad\u00e3os. O mesmo ocorre com o <em>campo jur\u00eddico<\/em>, no qual as constela\u00e7\u00f5es, por permitirem o desvendamento da consci\u00eancia sist\u00eamica e o aprofundamento das rela\u00e7\u00f5es de amor\u00a0 e respeito, d\u00e3o acesso direto \u00e0 informa\u00e7\u00e3o e \u00e0 verdade dos fatos, para al\u00e9m\u00a0 das interpreta\u00e7\u00f5es e dos \u00a0interesses dos sujeitos envolvidos.<\/p>\n<\/div><\/section><\/div><div class=\"flex_column av_one_third  av-animated-generic bottom-to-top  no_margin flex_column_table_cell av-equal-height-column av-align-middle av-zero-column-padding   avia-builder-el-28  el_after_av_two_third  avia-builder-el-last  column-top-margin\" style='border-radius:0px; '><div  class='avia-image-container avia_animated_image avia_animate_when_almost_visible fade-in av-styling-no-styling av-hover-grow   avia-builder-el-29  avia-builder-el-no-sibling  avia-align-center '  ><div class='avia-image-container-inner'><div class='avia-image-overlay-wrap'><img class='avia_image' src='https:\/\/elosistemico.com.br\/ww2\/wp-content\/uploads\/2018\/02\/Family-Tree.jpg' alt='' title='Family-Tree' height=\"2375\" width=\"2240\"  \/><\/div><\/div><\/div><\/div><\/div><!--close column table wrapper. Autoclose: 1 --><\/p>\n","protected":false},"excerpt":{"rendered":"","protected":false},"author":1,"featured_media":0,"parent":0,"menu_order":0,"comment_status":"closed","ping_status":"closed","template":"","meta":[],"_links":{"self":[{"href":"https:\/\/elosistemico.com.br\/ww2\/wp-json\/wp\/v2\/pages\/1358"}],"collection":[{"href":"https:\/\/elosistemico.com.br\/ww2\/wp-json\/wp\/v2\/pages"}],"about":[{"href":"https:\/\/elosistemico.com.br\/ww2\/wp-json\/wp\/v2\/types\/page"}],"author":[{"embeddable":true,"href":"https:\/\/elosistemico.com.br\/ww2\/wp-json\/wp\/v2\/users\/1"}],"replies":[{"embeddable":true,"href":"https:\/\/elosistemico.com.br\/ww2\/wp-json\/wp\/v2\/comments?post=1358"}],"version-history":[{"count":9,"href":"https:\/\/elosistemico.com.br\/ww2\/wp-json\/wp\/v2\/pages\/1358\/revisions"}],"predecessor-version":[{"id":1831,"href":"https:\/\/elosistemico.com.br\/ww2\/wp-json\/wp\/v2\/pages\/1358\/revisions\/1831"}],"wp:attachment":[{"href":"https:\/\/elosistemico.com.br\/ww2\/wp-json\/wp\/v2\/media?parent=1358"}],"curies":[{"name":"wp","href":"https:\/\/api.w.org\/{rel}","templated":true}]}}