{"id":295,"date":"2018-02-08T15:37:46","date_gmt":"2018-02-08T17:37:46","guid":{"rendered":"https:\/\/elosistemico.com.br\/ww2\/?page_id=295"},"modified":"2025-04-03T09:22:45","modified_gmt":"2025-04-03T12:22:45","slug":"facilitadora","status":"publish","type":"page","link":"https:\/\/elosistemico.com.br\/ww2\/facilitadora\/","title":{"rendered":"Elisete Zanlorenzi"},"content":{"rendered":"<div id='full_slider_1'  class='avia-fullwidth-slider main_color avia-shadow   avia-builder-el-0  el_before_av_submenu  avia-builder-el-first   container_wrap fullsize' style=' '  ><div   data-size='featured'  data-lightbox_size='large'  data-animation='slide'  data-conditional_play=''  data-ids='1301'  data-video_counter='0'  data-autoplay='false'  data-bg_slider='false'  data-slide_height=''  data-handle='av_slideshow_full'  data-interval='5'  data-class=' '  data-el_id=''  data-css_id=''  data-scroll_down=''  data-control_layout='av-control-default'  data-custom_markup=''  data-perma_caption=''  data-autoplay_stopper=''  data-image_attachment=''  data-min_height='0px'  data-src=''  data-position='top left'  data-repeat='no-repeat'  data-attach='scroll'  data-stretch=''  data-default-height='28.666666666667'  class='avia-slideshow avia-slideshow-1  av-control-default av-default-height-applied avia-slideshow-featured av_slideshow_full   avia-slide-slider ' ><ul class='avia-slideshow-inner ' style='padding-bottom: 20%;' ><li  class=' av-single-slide slide-1 ' ><div data-rel='slideshow-1' class='avia-slide-wrap '   ><img src='https:\/\/elosistemico.com.br\/ww2\/wp-content\/uploads\/2018\/04\/banners_1600x300v2_05-1500x300.jpg' width='1500' height='300' title='banners_1600x300v2_05' alt=''   \/><\/div><\/li><\/ul><\/div><\/div>\n<div class='clear'><\/div><div id='sub_menu1'  class='av-submenu-container socket_color  avia-builder-el-1  el_after_av_slideshow_full  el_before_av_one_full  av-sticky-submenu  submenu-not-first container_wrap fullsize' style='  z-index:301' ><div class='container av-menu-mobile-disabled '><ul id=\"menu-menu-secundario\" class=\"av-subnav-menu av-submenu-pos-center\"><li id=\"menu-item-1366\" class=\"menu-item menu-item-type-post_type menu-item-object-page menu-item-top-level menu-item-top-level-1\"><a href=\"https:\/\/elosistemico.com.br\/ww2\/constelacoes-familiares-sistemicas-as-novas-constelacoes\/\"><span class=\"avia-bullet\"><\/span><span class=\"avia-menu-text\">Constela\u00e7\u00f5es Familiares Sist\u00eamicas e as Novas Constela\u00e7\u00f5es<\/span><span class=\"avia-menu-fx\"><span class=\"avia-arrow-wrap\"><span class=\"avia-arrow\"><\/span><\/span><\/span><\/a><\/li>\n<li id=\"menu-item-1474\" class=\"menu-item menu-item-type-post_type menu-item-object-page menu-item-top-level menu-item-top-level-2\"><a href=\"https:\/\/elosistemico.com.br\/ww2\/cursos-e-workshops\/\"><span class=\"avia-bullet\"><\/span><span class=\"avia-menu-text\">Cursos e Workshops<\/span><span class=\"avia-menu-fx\"><span class=\"avia-arrow-wrap\"><span class=\"avia-arrow\"><\/span><\/span><\/span><\/a><\/li>\n<li id=\"menu-item-1526\" class=\"menu-item menu-item-type-post_type menu-item-object-page menu-item-top-level menu-item-top-level-3\"><a href=\"https:\/\/elosistemico.com.br\/ww2\/depoimentos\/\"><span class=\"avia-bullet\"><\/span><span class=\"avia-menu-text\">Depoimentos<\/span><span class=\"avia-menu-fx\"><span class=\"avia-arrow-wrap\"><span class=\"avia-arrow\"><\/span><\/span><\/span><\/a><\/li>\n<li id=\"menu-item-1277\" class=\"menu-item menu-item-type-post_type menu-item-object-page menu-item-top-level menu-item-top-level-4\"><a href=\"https:\/\/elosistemico.com.br\/ww2\/facilitadora\/\"><span class=\"avia-bullet\"><\/span><span class=\"avia-menu-text\">Elisete Zanlorenzi<\/span><span class=\"avia-menu-fx\"><span class=\"avia-arrow-wrap\"><span class=\"avia-arrow\"><\/span><\/span><\/span><\/a><\/li>\n<li id=\"menu-item-1279\" class=\"menu-item menu-item-type-post_type menu-item-object-page menu-item-top-level menu-item-top-level-5\"><a href=\"https:\/\/elosistemico.com.br\/ww2\/contato\/\"><span class=\"avia-bullet\"><\/span><span class=\"avia-menu-text\">Contato<\/span><span class=\"avia-menu-fx\"><span class=\"avia-arrow-wrap\"><span class=\"avia-arrow\"><\/span><\/span><\/span><\/a><\/li>\n<\/ul><\/div><\/div><div class='sticky_placeholder'><\/div><div id='after_submenu'  class='main_color av_default_container_wrap container_wrap fullsize' style=' '  ><div class='container' ><div class='template-page content  av-content-full alpha units'><div class='post-entry post-entry-type-page post-entry-295'><div class='entry-content-wrapper clearfix'>\n<div class='flex_column_table av-equal-height-column-flextable -flextable' ><div class=\"flex_column av_one_full  av-animated-generic left-to-right  flex_column_table_cell av-equal-height-column av-align-top av-zero-column-padding first  avia-builder-el-2  el_after_av_submenu  el_before_av_one_full  avia-builder-el-first  \" style='border-radius:0px; '><p><div  style='padding-bottom:0px; ' class='av-special-heading av-special-heading-h4  blockquote modern-quote  avia-builder-el-3  el_before_av_heading  avia-builder-el-first  '><h4 class='av-special-heading-tag '  >Facilitadora<\/h4><div class='special-heading-border'><div class='special-heading-inner-border' ><\/div><\/div><\/div><br \/>\n<div  style='padding-bottom:10px; ' class='av-special-heading av-special-heading-h3    avia-builder-el-4  el_after_av_heading  avia-builder-el-last  '><h3 class='av-special-heading-tag '  > Dra Elisete  Zanlorenzi<\/h3><div class='special-heading-border'><div class='special-heading-inner-border' ><\/div><\/div><\/div><\/p><\/div><\/div><!--close column table wrapper. Autoclose: 1 --><div class='flex_column_table av-equal-height-column-flextable -flextable' ><div class=\"flex_column av_one_full  av-animated-generic bottom-to-top  flex_column_table_cell av-equal-height-column av-align-top av-zero-column-padding first  avia-builder-el-5  el_after_av_one_full  el_before_av_two_fifth  column-top-margin\" style='border-radius:0px; '><section class=\"av_textblock_section \" ><div class='avia_textblock  '  ><div style=\"background: url('https:\/\/elosistemico.com.br\/ww2\/wp-content\/uploads\/2018\/02\/fractal-circle-gold.jpg') no-repeat fixed center; width: 210px; height: 230px; float: left; margin: 20px 40px 20px 0px;\"><img style=\"padding: 40px;\" src=\"https:\/\/elosistemico.com.br\/ww2\/wp-content\/uploads\/2018\/02\/novosvinculos-elisete.jpg\" \/><strong style=\"padding: 40px;\"><br \/>\n<\/strong><\/div>\n<p>Doutora em Antropologia pela Universidade de S\u00e3o Paulo (USP), com a tese &#8220;O mito da pregui\u00e7a baiana&#8221;.<\/p>\n<p>Atuou em empresas privadas e \u00f3rg\u00e3os p\u00fablicos, incluindo Secretaria de Planejamento\u00a0 do Estado da Bahia, CPFL (Campinas) e Replan (Paul\u00ednia).<\/p>\n<p>Foi docente,\u00a0 em n\u00edvel de gradua\u00e7\u00e3o, p\u00f3s-gradua\u00e7\u00e3o e\u00a0 gest\u00e3o,\u00a0 \u00a0pesquisadora e orientadora de projetos\u00a0 na \u00e1rea de Antropologia por 25 anos.<\/p>\n<p>Coordenou o Programa de Apoio a Pol\u00edticas P\u00fablicas de Cultura da Pr\u00f3 Reitoria de Extens\u00e3o da PUC-Campinas e v\u00e1rios projetos de pesquisa e exposi\u00e7\u00e3o no Museu da PUC-campinas , institui\u00e7\u00e3o \u00e0 qual foi vinculada por 23 anos.<\/p>\n<p>Foi docente na\u00a0 Universidad\u00a0 Nacional e Aut\u00f3noma de M\u00e9xico.<\/p>\n<p>Ministrou aula para mais de 15 mil jovens, na \u00e1rea de humanas e sa\u00fade, com foco na\u00a0 diversidade cultural, vis\u00e3o sist\u00eamica, rela\u00e7\u00e3o indiv\u00edduo-cultura, processos sociais contempor\u00e2neos.<\/p>\n<p>Foi\u00a0 membro-fundadora do Centro de Educa\u00e7\u00e3o e Cultura Popular (CECUP), em Salvador, que atua com a metodologia de Paulo Freire.<\/p>\n<p>Desenvolveu \u00a0pesquisa sobre\u00a0 o Estatuto e o Conselho Nacional de Juventude, com \u00eanfase na educa\u00e7\u00e3o formal e n\u00e3o-formal.<\/p>\n<p>Desde in\u00edcio dos\u00a0 anos 90, tem buscado complementar sua trajet\u00f3ria profissional e pessoal com outros conhecimentos,\u00a0 incluindo\u00a0 v\u00e1rios cursos, dentre eles:<\/p>\n<p>Especializa\u00e7\u00e3o em Psicoterapia Anal\u00edtica de Grupo (Unicamp)<\/p>\n<p>P\u00f3s-Gradua\u00e7\u00e3o\u00a0 em Psicologia Transpessoal (Alubrat)<\/p>\n<p>PNL\u00a0 Instituto Actius (Fernando Dalgalarrondo)<\/p>\n<p>Biopsicologia- Instituto Vis\u00e3o Futuro (Susan Andrews)<\/p>\n<p><strong>Em Constela\u00e7\u00f5es Sist\u00eamicas\u00a0 \u00a0realizou:<\/strong><\/p>\n<p><em>Forma\u00e7\u00e3o em Constela\u00e7\u00f5es Familiares<\/em> pelo Instituto de Filosofia Pr\u00e1tica (Alemanha), com Peter e Tsuyuko Spelter (2006-2007)<\/p>\n<p><em>\u00a0Dois Treinamentos Avan\u00e7ad<\/em>os\u00a0 com Bert Hellinger e Sophie Helllinger\u00a0 <em>(<\/em>2008 e 2009) em\u00a0 imers\u00e3o\u00a0 de\u00a0 dezesseis dias.<\/p>\n<p>Entre 2007 e 2016 participou de v\u00e1rios cursos, treinamentos\u00a0 e semin\u00e1rios com <em>Bert Hellinger e Sophie\u00a0 Hellinger<\/em>,\u00a0 incluindo conte\u00fados\u00a0 sobre doen\u00e7a, constela\u00e7\u00f5es organizacionais, relacionamento\u00a0 entre casais,\u00a0 educa\u00e7\u00e3o sist\u00eamica (M\u00e9xico).<\/p>\n<p>Em\u00a0<em>Constela\u00e7\u00f5es e em Educa\u00e7\u00e3o Sist\u00eamica<\/em> foi aluna de:<\/p>\n<p>Marianne Franke Gricksch (criadora da Pedagogia Sist\u00eamica) Guni Baxa, Karin Shoeber, Lazlo Mattyasovszky, Una O&#8217;Connel, <em>Ursula Franke-Bryson,<\/em> Thomas Bryson, Marianne Franke-Gricksch, Carles Parellada, Barbara Innecken,\u00a0 Christa Renoldner, Stephan Hausner, Joan Garriga Bacardi, dentre outros.<\/p>\n<p>Tem\u00a0 certifica\u00e7\u00e3o internacional\u00a0 em:<\/p>\n<p><em>Constela\u00e7\u00f5es Organizacionais <\/em><em>,<\/em> com Cec\u00edlio Regojo Portugal)<\/p>\n<p><em>Constela\u00e7\u00f5es Estruturais <\/em>, com Bernd Isert e Sabine Klenke (Alemanha)<\/p>\n<p><em>Coach Sist\u00eamico<\/em>, com Bernd Isert (Alemanha)<\/p>\n<p><em>Transe Generativo<\/em>, com Stephen Gilligan (EUA)<\/p>\n<p>Tem certifica\u00e7\u00e3o na primeira turma\u00a0 de <em>Forma\u00e7\u00e3o\u00a0 Internacional em Pedagogia e Educa\u00e7\u00e3o Sist\u00eamica<\/em> oferecida no Brasil\u00a0 (2012-1014) pela Conex\u00e3o Sist\u00eamica<\/p>\n<p>Criou o m\u00e9todo de\u00a0 <em>Constela\u00e7\u00f5es das Duas Consci\u00eancias <\/em>na atua\u00e7\u00e3o presencial e\u00a0 on-line<\/p>\n<p>\u00c9 facilitadora em Constela\u00e7\u00f5es Sist\u00eamicas em grupo,\u00a0 individual e organizacional desde 2007.<\/p>\n<p>Ministra <em>Forma\u00e7\u00e3o em Constela\u00e7\u00f5es Sist\u00eamicas<\/em> desde 2009, al\u00e9m de cursos para pais e educadores, palestras, workshops sobre a abordagem\u00a0 sist\u00eamica.<\/p>\n<p>Desenvolve consultoria na abordagem sist\u00eamica e em pedagogia sist\u00eamica.<\/p>\n<p>Apresentou trabalhos em v\u00e1rios congressos\u00a0 no Brasil e exterior.<\/p>\n<\/div><\/section><\/div><\/div><!--close column table wrapper. Autoclose: 1 --><div class=\"flex_column av_two_fifth  flex_column_div av-zero-column-padding first  avia-builder-el-7  el_after_av_one_full  avia-builder-el-last  column-top-margin\" style='border-radius:0px; '><\/div><\/p>\n","protected":false},"excerpt":{"rendered":"","protected":false},"author":1,"featured_media":0,"parent":0,"menu_order":0,"comment_status":"closed","ping_status":"closed","template":"","meta":[],"_links":{"self":[{"href":"https:\/\/elosistemico.com.br\/ww2\/wp-json\/wp\/v2\/pages\/295"}],"collection":[{"href":"https:\/\/elosistemico.com.br\/ww2\/wp-json\/wp\/v2\/pages"}],"about":[{"href":"https:\/\/elosistemico.com.br\/ww2\/wp-json\/wp\/v2\/types\/page"}],"author":[{"embeddable":true,"href":"https:\/\/elosistemico.com.br\/ww2\/wp-json\/wp\/v2\/users\/1"}],"replies":[{"embeddable":true,"href":"https:\/\/elosistemico.com.br\/ww2\/wp-json\/wp\/v2\/comments?post=295"}],"version-history":[{"count":25,"href":"https:\/\/elosistemico.com.br\/ww2\/wp-json\/wp\/v2\/pages\/295\/revisions"}],"predecessor-version":[{"id":1974,"href":"https:\/\/elosistemico.com.br\/ww2\/wp-json\/wp\/v2\/pages\/295\/revisions\/1974"}],"wp:attachment":[{"href":"https:\/\/elosistemico.com.br\/ww2\/wp-json\/wp\/v2\/media?parent=295"}],"curies":[{"name":"wp","href":"https:\/\/api.w.org\/{rel}","templated":true}]}}