{"id":326,"date":"2018-02-09T10:44:11","date_gmt":"2018-02-09T12:44:11","guid":{"rendered":"https:\/\/elosistemico.com.br\/ww2\/?page_id=326"},"modified":"2026-01-19T22:28:02","modified_gmt":"2026-01-20T01:28:02","slug":"326-2","status":"publish","type":"page","link":"https:\/\/elosistemico.com.br\/ww2\/","title":{"rendered":"In\u00edcio"},"content":{"rendered":"<div id='full_slider_1'  class='avia-fullwidth-slider main_color avia-shadow   avia-builder-el-0  el_before_av_submenu  avia-builder-el-first   container_wrap fullsize' style=' '  ><div   data-size='featured_large'  data-lightbox_size='large'  data-animation='fade'  data-conditional_play=''  data-ids='1297'  data-video_counter='0'  data-autoplay='true'  data-bg_slider='false'  data-slide_height=''  data-handle='av_slideshow_full'  data-interval='5'  data-class=' image_no_stretch'  data-el_id=''  data-css_id=''  data-scroll_down=''  data-control_layout='av-control-minimal av-control-minimal-dark'  data-custom_markup=''  data-perma_caption=''  data-autoplay_stopper=''  data-image_attachment=''  data-min_height='100px'  data-src=''  data-position='top left'  data-repeat='no-repeat'  data-attach='scroll'  data-stretch='image_no_stretch'  data-default-height='42'  class='avia-slideshow avia-slideshow-1  av-control-minimal av-control-minimal-dark av-default-height-applied avia-slideshow-featured_large av_slideshow_full  image_no_stretch avia-fade-slider ' ><ul class='avia-slideshow-inner ' style='padding-bottom: 20%;' ><li  class=' av-single-slide slide-1 ' ><div data-rel='slideshow-1' class='avia-slide-wrap '   ><div class = \"caption_fullwidth av-slideshow-caption caption_left\"><div class = \"container caption_container\"><div class = \"slideshow_caption\"><div class = \"slideshow_inner_caption\"><div class = \"slideshow_align_caption\"><div class='avia-caption-content  av_inherit_color'   style='font-size:22px; color:#0a0000; '><p>&#8220;Somente quando a fruta madura cai \u00e0 terra, desprende aquilo que serve ao futuro&#8221; (Bert Hellinger)<\/p>\n<\/div><\/div><\/div><\/div><\/div><\/div><img src='https:\/\/elosistemico.com.br\/ww2\/wp-content\/uploads\/2018\/04\/banners_1600x300v2_01-1500x300.jpg' width='1500' height='300' title='banners_1600x300v2_01' alt=''  style='min-height:100px; min-width:500px; ' \/><\/div><\/li><\/ul><\/div><\/div>\n<div class='clear'><\/div><div id='sub_menu1'  class='av-submenu-container socket_color  avia-builder-el-1  el_after_av_slideshow_full  el_before_av_section  av-sticky-submenu  submenu-not-first container_wrap fullsize' style='  z-index:301' ><div class='container av-menu-mobile-disabled '><ul id=\"menu-menu-secundario\" class=\"av-subnav-menu av-submenu-pos-center\"><li id=\"menu-item-1366\" class=\"menu-item menu-item-type-post_type menu-item-object-page menu-item-top-level menu-item-top-level-1\"><a href=\"https:\/\/elosistemico.com.br\/ww2\/constelacoes-familiares-sistemicas-as-novas-constelacoes\/\"><span class=\"avia-bullet\"><\/span><span class=\"avia-menu-text\">Constela\u00e7\u00f5es Familiares Sist\u00eamicas e as Novas Constela\u00e7\u00f5es<\/span><span class=\"avia-menu-fx\"><span class=\"avia-arrow-wrap\"><span class=\"avia-arrow\"><\/span><\/span><\/span><\/a><\/li>\n<li id=\"menu-item-1474\" class=\"menu-item menu-item-type-post_type menu-item-object-page menu-item-top-level menu-item-top-level-2\"><a href=\"https:\/\/elosistemico.com.br\/ww2\/cursos-e-workshops\/\"><span class=\"avia-bullet\"><\/span><span class=\"avia-menu-text\">Cursos e Workshops<\/span><span class=\"avia-menu-fx\"><span class=\"avia-arrow-wrap\"><span class=\"avia-arrow\"><\/span><\/span><\/span><\/a><\/li>\n<li id=\"menu-item-1526\" class=\"menu-item menu-item-type-post_type menu-item-object-page menu-item-top-level menu-item-top-level-3\"><a href=\"https:\/\/elosistemico.com.br\/ww2\/depoimentos\/\"><span class=\"avia-bullet\"><\/span><span class=\"avia-menu-text\">Depoimentos<\/span><span class=\"avia-menu-fx\"><span class=\"avia-arrow-wrap\"><span class=\"avia-arrow\"><\/span><\/span><\/span><\/a><\/li>\n<li id=\"menu-item-1277\" class=\"menu-item menu-item-type-post_type menu-item-object-page menu-item-top-level menu-item-top-level-4\"><a href=\"https:\/\/elosistemico.com.br\/ww2\/facilitadora\/\"><span class=\"avia-bullet\"><\/span><span class=\"avia-menu-text\">Elisete Zanlorenzi<\/span><span class=\"avia-menu-fx\"><span class=\"avia-arrow-wrap\"><span class=\"avia-arrow\"><\/span><\/span><\/span><\/a><\/li>\n<li id=\"menu-item-1279\" class=\"menu-item menu-item-type-post_type menu-item-object-page menu-item-top-level menu-item-top-level-5\"><a href=\"https:\/\/elosistemico.com.br\/ww2\/contato\/\"><span class=\"avia-bullet\"><\/span><span class=\"avia-menu-text\">Contato<\/span><span class=\"avia-menu-fx\"><span class=\"avia-arrow-wrap\"><span class=\"avia-arrow\"><\/span><\/span><\/span><\/a><\/li>\n<\/ul><\/div><\/div><div class='sticky_placeholder'><\/div>\n<div id='av_section_1'  class='avia-section main_color avia-section-default avia-no-shadow  avia-bg-style-fixed  avia-builder-el-2  el_after_av_submenu  el_before_av_one_full   container_wrap fullsize' style=' '  ><div class='container' ><div class='template-page content  av-content-full alpha units'><div class='post-entry post-entry-type-page post-entry-326'><div class='entry-content-wrapper clearfix'>\n<div class='flex_column_table av-equal-height-column-flextable -flextable' ><div class=\"flex_column av_one_half  av-animated-generic bottom-to-top  flex_column_table_cell av-equal-height-column av-align-top av-zero-column-padding first  avia-builder-el-3  el_before_av_one_half  avia-builder-el-first  \" style='border-radius:0px; '><p><div  style='padding-bottom:10px; ' class='av-special-heading av-special-heading-h3  blockquote modern-quote  avia-builder-el-4  el_before_av_textblock  avia-builder-el-first  '><h3 class='av-special-heading-tag '  > CONSTELA\u00c7\u00d5ES ON-LINE E PRESENCIAIS<\/h3><div class ='av-subheading av-subheading_below  ' style='font-size:15px;'><p>S\u00e3o Paulo<\/p>\n<\/div><div class='special-heading-border'><div class='special-heading-inner-border' ><\/div><\/div><\/div><br \/>\n<section class=\"av_textblock_section \" ><div class='avia_textblock  '  ><p><strong>CONSTELA\u00c7\u00d5ES EM GRUPO ON-LINE E PRESENCIAIS<\/strong><br \/>\n<COM O\u00a0 \u00a0ISOLAMENTO DECORRENTE DA PANDEMIA,\u00a0 AS CONSTELA\u00c7\u00d5ES PASSARAM A SER\u00a0 REALIZADAS ON-LINE.<\/div>\n<div>OS VALORES FORAM\u00a0 REDUZIDOS PARA ESSA MODALIDADE\u00a0 E\u00a0 COME\u00c7AMOS A ATENDER PESSOAS DE OUTRAS CIDADE E\u00a0 \u00a0 PA\u00cdSES.\u00a0 OS RESULTADOS T\u00caM SIDO T\u00c3O SATISFAT\u00d3RIOS QUE\u00a0 AINDA N\u00c3O RETORNAMOS \u00c0S PRESENCIAIS.<\/div>\n<div>S\u00c3O DOIS ENCONTROS SEMANAIS:\u00a0 TER\u00c7AS \u00c0 TARDE E QUINTAS \u00c0 NOITE.<\/div>\n<div>ENTRE EM CONTATO PARA\u00a0 CONHECER\u00a0 E PARA AGENDAR.<\/div>\n<\/div><\/section><br \/>\n<div  style='height:1px; margin-top:0px'  class='hr hr-invisible   avia-builder-el-6  el_after_av_textblock  el_before_av_textblock '><span class='hr-inner ' ><span class='hr-inner-style'><\/span><\/span><\/div><br \/>\n<section class=\"av_textblock_section \" ><div class='avia_textblock  '  ><p><strong>CONSTELA\u00c7\u00d5ES INDIVIDUAIS PRESENCIAIS<\/strong><\/p>\n<p>ATENDIMENTOS SUSPENSOS TEMPORARIAMENTE<\/p>\n<\/div><\/section><br \/>\n<div  style='height:1px; margin-top:0px'  class='hr hr-invisible   avia-builder-el-8  el_after_av_textblock  el_before_av_heading '><span class='hr-inner ' ><span class='hr-inner-style'><\/span><\/span><\/div><br \/>\n<div  style='padding-bottom:10px; ' class='av-special-heading av-special-heading-h3  blockquote modern-quote  avia-builder-el-9  el_after_av_hr  el_before_av_textblock  '><h3 class='av-special-heading-tag '  >Informa\u00e7\u00f5es e inscri\u00e7\u00f5es:<\/h3><div class ='av-subheading av-subheading_below  ' style='font-size:15px;'><p>Para constela\u00e7\u00f5es em grupo<br \/>\nPara o Curso de Forma\u00e7\u00e3o<\/p>\n<\/div><div class='special-heading-border'><div class='special-heading-inner-border' ><\/div><\/div><\/div><br \/>\n<section class=\"av_textblock_section \" ><div class='avia_textblock  '  ><div><\/div>\n<div><\/div>\n<div><\/div>\n<div>(11) 98655-1995 (WhatsApp)<\/div>\n<div><\/div>\n<div><a href=\"mailto:vouconstelar@gmail.com\" target=\"_blank\" rel=\"noopener\">vouconstelar@gmail.com<\/a><\/div>\n<div>&#8212;<\/div>\n<div><\/div>\n<div><\/div>\n<div><\/div>\n<\/div><\/section><\/p><\/div><div class='av-flex-placeholder'><\/div><div class=\"flex_column av_one_half  av-animated-generic bottom-to-top  flex_column_table_cell av-equal-height-column av-align-top   avia-builder-el-11  el_after_av_one_half  avia-builder-el-last  \" style='border-width:15px; border-color:#f3f8fe; border-style:solid; padding:20px; background-color:#f3f8fe; border-radius:10px; '><p><div  style='padding-bottom:10px; ' class='av-special-heading av-special-heading-h3  blockquote modern-quote  avia-builder-el-12  el_before_av_textblock  avia-builder-el-first  '><h3 class='av-special-heading-tag '  >NOVA TURMA DO CURSO DE FORMA\u00c7\u00c3O EM CONSTELA\u00c7\u00d5ES SIST\u00caMICAS<\/h3><div class ='av-subheading av-subheading_below  ' style='font-size:15px;'><p>4  m\u00f3dulos on-line e 5 presenciais em  S\u00e3o Paulo <\/p>\n<p>OUTUBRO  de  2022 a JUNHO de 2023<\/p>\n<\/div><div class='special-heading-border'><div class='special-heading-inner-border' ><\/div><\/div><\/div><br \/>\n<section class=\"av_textblock_section \" ><div class='avia_textblock  '  ><div style=\"text-align: left;\">\n<p><strong><em>Inscri\u00e7\u00f5es Abertas\u00a0 <\/em><\/strong><strong><em>\u00a0\u00a0\u00a0\u00a0&#8211;\u00a0 <\/em><\/strong>Apenas\u00a0 18 vagas<\/p>\n<\/div>\n<div style=\"text-align: left;\"><strong>\u00a0<\/strong><\/div>\n<div style=\"text-align: left;\"><\/div>\n<\/div><\/section><br \/>\n<div  class='avia-image-container  av-styling-circle av-hover-grow   avia-builder-el-14  el_after_av_textblock  avia-builder-el-last  avia-align-center '  ><div class='avia-image-container-inner'><div class='avia-image-overlay-wrap'><img class='avia_image' src='https:\/\/elosistemico.com.br\/ww2\/wp-content\/uploads\/2018\/02\/espiral-300x294.jpg' alt='' title='espiral' height=\"294\" width=\"300\"  \/><\/div><\/div><\/div><\/p><\/div><\/div><!--close column table wrapper. Autoclose: 1 --><\/div><\/div><\/div><!-- close content main div --><\/div><\/div><div id='after_section_1'  class='main_color av_default_container_wrap container_wrap fullsize' style=' '  ><div class='container' ><div class='template-page content  av-content-full alpha units'><div class='post-entry post-entry-type-page post-entry-326'><div class='entry-content-wrapper clearfix'><div class=\"flex_column av_one_full  flex_column_div av-zero-column-padding first  avia-builder-el-15  el_after_av_section  el_before_av_one_half  avia-builder-el-first  \" style='border-radius:0px; '><\/div><\/p>\n<div class=\"flex_column av_one_half  flex_column_div av-zero-column-padding first  avia-builder-el-16  el_after_av_one_full  el_before_av_one_full  column-top-margin\" style='border-radius:0px; '><\/div>\n","protected":false},"excerpt":{"rendered":"","protected":false},"author":1,"featured_media":0,"parent":0,"menu_order":0,"comment_status":"closed","ping_status":"closed","template":"","meta":[],"_links":{"self":[{"href":"https:\/\/elosistemico.com.br\/ww2\/wp-json\/wp\/v2\/pages\/326"}],"collection":[{"href":"https:\/\/elosistemico.com.br\/ww2\/wp-json\/wp\/v2\/pages"}],"about":[{"href":"https:\/\/elosistemico.com.br\/ww2\/wp-json\/wp\/v2\/types\/page"}],"author":[{"embeddable":true,"href":"https:\/\/elosistemico.com.br\/ww2\/wp-json\/wp\/v2\/users\/1"}],"replies":[{"embeddable":true,"href":"https:\/\/elosistemico.com.br\/ww2\/wp-json\/wp\/v2\/comments?post=326"}],"version-history":[{"count":297,"href":"https:\/\/elosistemico.com.br\/ww2\/wp-json\/wp\/v2\/pages\/326\/revisions"}],"predecessor-version":[{"id":2013,"href":"https:\/\/elosistemico.com.br\/ww2\/wp-json\/wp\/v2\/pages\/326\/revisions\/2013"}],"wp:attachment":[{"href":"https:\/\/elosistemico.com.br\/ww2\/wp-json\/wp\/v2\/media?parent=326"}],"curies":[{"name":"wp","href":"https:\/\/api.w.org\/{rel}","templated":true}]}}